{"id":5,"date":"2021-04-02T15:38:24","date_gmt":"2021-04-02T15:38:24","guid":{"rendered":"https:\/\/rollerfreunde.at\/wordpress\/?page_id=5"},"modified":"2026-04-04T10:57:33","modified_gmt":"2026-04-04T10:57:33","slug":"rollerfreunde","status":"publish","type":"page","link":"https:\/\/rollerfreunde.at\/","title":{"rendered":"Rollerfreunde \u00d6sterreich"},"content":{"rendered":"\t\t<div data-elementor-type=\"wp-page\" data-elementor-id=\"5\" class=\"elementor elementor-5\">\n\t\t\t\t\t\t<section class=\"elementor-section elementor-top-section elementor-element elementor-element-52e89757 elementor-section-full_width elementor-section-height-default elementor-section-height-default\" data-id=\"52e89757\" data-element_type=\"section\" data-settings=\"{&quot;background_background&quot;:&quot;classic&quot;}\">\n\t\t\t\t\t\t\t<div class=\"elementor-background-overlay\"><\/div>\n\t\t\t\t\t\t\t<div class=\"elementor-container elementor-column-gap-default\">\n\t\t\t\t\t<div class=\"elementor-column elementor-col-50 elementor-top-column elementor-element elementor-element-70406f3\" data-id=\"70406f3\" data-element_type=\"column\">\n\t\t\t<div class=\"elementor-widget-wrap\">\n\t\t\t\t\t\t\t<\/div>\n\t\t<\/div>\n\t\t\t\t<div class=\"elementor-column elementor-col-50 elementor-top-column elementor-element elementor-element-3b1b546b\" data-id=\"3b1b546b\" data-element_type=\"column\">\n\t\t\t<div class=\"elementor-widget-wrap elementor-element-populated\">\n\t\t\t\t\t\t<div class=\"elementor-element elementor-element-6ccdee95 elementor-widget elementor-widget-heading\" data-id=\"6ccdee95\" data-element_type=\"widget\" data-widget_type=\"heading.default\">\n\t\t\t\t<div class=\"elementor-widget-container\">\n\t\t\t\t\t<h2 class=\"elementor-heading-title elementor-size-large\">Rollerfreunde Ober\u00f6sterreich<\/h2>\t\t\t\t<\/div>\n\t\t\t\t<\/div>\n\t\t\t\t<div class=\"elementor-element elementor-element-591896ed elementor-widget elementor-widget-text-editor\" data-id=\"591896ed\" data-element_type=\"widget\" data-widget_type=\"text-editor.default\">\n\t\t\t\t<div class=\"elementor-widget-container\">\n\t\t\t\t\t\t\t\t\t<p><strong>Wir sind kein Club oder eingetragener Verein, sondern eine Gruppe von Gleichgesinnten. Unser Anliegen ist es, mit anderen Rollerfahrern und selbstverst\u00e4ndlich auch Fahrerinnen mit ihren Zweirad-Gef\u00e4hrten (Gro\u00dfroller ab 300 cm\u00b3) einfache Tagesfahrten aber auch anspruchsvolle Mehrtages-Touren zu unternehmen.<\/strong><\/p>\t\t\t\t\t\t\t\t<\/div>\n\t\t\t\t<\/div>\n\t\t\t\t\t<\/div>\n\t\t<\/div>\n\t\t\t\t\t<\/div>\n\t\t<\/section>\n\t\t\t\t<section class=\"elementor-section elementor-top-section elementor-element elementor-element-103ee65a elementor-section-content-middle elementor-reverse-mobile elementor-section-boxed elementor-section-height-default elementor-section-height-default\" data-id=\"103ee65a\" data-element_type=\"section\" data-settings=\"{&quot;background_background&quot;:&quot;classic&quot;}\">\n\t\t\t\t\t\t<div class=\"elementor-container elementor-column-gap-default\">\n\t\t\t\t\t<div class=\"elementor-column elementor-col-50 elementor-top-column elementor-element elementor-element-501b56dc\" data-id=\"501b56dc\" data-element_type=\"column\">\n\t\t\t<div class=\"elementor-widget-wrap elementor-element-populated\">\n\t\t\t\t\t\t<div class=\"elementor-element elementor-element-717013c2 elementor-view-stacked elementor-position-left elementor-shape-circle elementor-mobile-position-top elementor-vertical-align-top elementor-widget elementor-widget-icon-box\" data-id=\"717013c2\" data-element_type=\"widget\" data-widget_type=\"icon-box.default\">\n\t\t\t\t<div class=\"elementor-widget-container\">\n\t\t\t\t\t\t\t<div class=\"elementor-icon-box-wrapper\">\n\n\t\t\t\t\t\t<div class=\"elementor-icon-box-icon\">\n\t\t\t\t<span  class=\"elementor-icon\">\n\t\t\t\t<i aria-hidden=\"true\" class=\"fab fa-connectdevelop\"><\/i>\t\t\t\t<\/span>\n\t\t\t<\/div>\n\t\t\t\n\t\t\t\t\t\t<div class=\"elementor-icon-box-content\">\n\n\t\t\t\t\t\t\t\t\t<h3 class=\"elementor-icon-box-title\">\n\t\t\t\t\t\t<span  >\n\t\t\t\t\t\t\tWer wir sind\t\t\t\t\t\t<\/span>\n\t\t\t\t\t<\/h3>\n\t\t\t\t\n\t\t\t\t\t\t\t\t\t<p class=\"elementor-icon-box-description\">\n\t\t\t\t\t\tAuf Einladung von Herbert St\u00fctz unserem \"Rollervoda'\" kamen erstmals am 17. J\u00e4nner 2004 zwanzig Rollerfreunde mit dem Ziel zusammen, gemeinsam mit ihren Gro\u00dfrollern durchs Land zu fahren. Unz\u00e4hlige sch\u00f6ne Kilometer haben wir seither zur\u00fcckgelegt.\t\t\t\t\t<\/p>\n\t\t\t\t\n\t\t\t<\/div>\n\t\t\t\n\t\t<\/div>\n\t\t\t\t\t\t<\/div>\n\t\t\t\t<\/div>\n\t\t\t\t\t<\/div>\n\t\t<\/div>\n\t\t\t\t<div class=\"elementor-column elementor-col-50 elementor-top-column elementor-element elementor-element-4e408d74\" data-id=\"4e408d74\" data-element_type=\"column\">\n\t\t\t<div class=\"elementor-widget-wrap elementor-element-populated\">\n\t\t\t\t\t\t<div class=\"elementor-element elementor-element-53e2dc7 elementor-widget elementor-widget-image\" data-id=\"53e2dc7\" data-element_type=\"widget\" data-widget_type=\"image.default\">\n\t\t\t\t<div class=\"elementor-widget-container\">\n\t\t\t\t\t\t\t\t\t\t\t\t\t\t\t<img fetchpriority=\"high\" decoding=\"async\" width=\"840\" height=\"189\" src=\"https:\/\/rollerfreunde.at\/wp-content\/uploads\/2021\/04\/header_rollerfreunde-1024x231.png\" class=\"attachment-large size-large wp-image-235\" alt=\"\" srcset=\"https:\/\/rollerfreunde.at\/wp-content\/uploads\/2021\/04\/header_rollerfreunde-1024x231.png 1024w, https:\/\/rollerfreunde.at\/wp-content\/uploads\/2021\/04\/header_rollerfreunde-300x68.png 300w, https:\/\/rollerfreunde.at\/wp-content\/uploads\/2021\/04\/header_rollerfreunde-768x173.png 768w, https:\/\/rollerfreunde.at\/wp-content\/uploads\/2021\/04\/header_rollerfreunde.png 1181w\" sizes=\"(max-width: 840px) 100vw, 840px\" \/>\t\t\t\t\t\t\t\t\t\t\t\t\t\t\t<\/div>\n\t\t\t\t<\/div>\n\t\t\t\t\t<\/div>\n\t\t<\/div>\n\t\t\t\t\t<\/div>\n\t\t<\/section>\n\t\t\t\t<section class=\"elementor-section elementor-top-section elementor-element elementor-element-383c9bb6 elementor-section-content-middle elementor-section-boxed elementor-section-height-default elementor-section-height-default\" data-id=\"383c9bb6\" data-element_type=\"section\" data-settings=\"{&quot;background_background&quot;:&quot;classic&quot;}\">\n\t\t\t\t\t\t<div class=\"elementor-container elementor-column-gap-no\">\n\t\t\t\t\t<div class=\"elementor-column elementor-col-50 elementor-top-column elementor-element elementor-element-8bff59a\" data-id=\"8bff59a\" data-element_type=\"column\" data-settings=\"{&quot;background_background&quot;:&quot;classic&quot;}\">\n\t\t\t<div class=\"elementor-widget-wrap elementor-element-populated\">\n\t\t\t\t\t\t<div class=\"elementor-element elementor-element-2d36117d elementor-view-default elementor-widget elementor-widget-icon\" data-id=\"2d36117d\" data-element_type=\"widget\" data-widget_type=\"icon.default\">\n\t\t\t\t<div class=\"elementor-widget-container\">\n\t\t\t\t\t\t\t<div class=\"elementor-icon-wrapper\">\n\t\t\t<a class=\"elementor-icon\" href=\"https:\/\/rollerfreunde.at\/index.php\/ausfahrten\/\">\n\t\t\t<i aria-hidden=\"true\" class=\"fas fa-motorcycle\"><\/i>\t\t\t<\/a>\n\t\t<\/div>\n\t\t\t\t\t\t<\/div>\n\t\t\t\t<\/div>\n\t\t\t\t<div class=\"elementor-element elementor-element-396e8acc elementor-widget elementor-widget-heading\" data-id=\"396e8acc\" data-element_type=\"widget\" data-widget_type=\"heading.default\">\n\t\t\t\t<div class=\"elementor-widget-container\">\n\t\t\t\t\t<h3 class=\"elementor-heading-title elementor-size-large\"><a href=\"https:\/\/rollerfreunde.at\/index.php\/elementor-5196\/\">Ausfahrten und Touren<\/a><\/h3>\t\t\t\t<\/div>\n\t\t\t\t<\/div>\n\t\t\t\t<div class=\"elementor-element elementor-element-1ec253c elementor-widget elementor-widget-text-editor\" data-id=\"1ec253c\" data-element_type=\"widget\" data-widget_type=\"text-editor.default\">\n\t\t\t\t<div class=\"elementor-widget-container\">\n\t\t\t\t\t\t\t\t\t<p>Unsere Touren werden von unseren Rollerfreunden sorgsam je nach K\u00f6nnen und Vorlieben zusammen gestellt. Hier findet Ihr eine gro\u00dfe Anzahl an Touren der letzen Jahre.<\/p>\t\t\t\t\t\t\t\t<\/div>\n\t\t\t\t<\/div>\n\t\t\t\t\t<\/div>\n\t\t<\/div>\n\t\t\t\t<div class=\"elementor-column elementor-col-50 elementor-top-column elementor-element elementor-element-c267d7f\" data-id=\"c267d7f\" data-element_type=\"column\">\n\t\t\t<div class=\"elementor-widget-wrap elementor-element-populated\">\n\t\t\t\t\t\t<div class=\"elementor-element elementor-element-aab3eb2 elementor-widget elementor-widget-image\" data-id=\"aab3eb2\" data-element_type=\"widget\" data-widget_type=\"image.default\">\n\t\t\t\t<div class=\"elementor-widget-container\">\n\t\t\t\t\t\t\t\t\t\t\t\t\t\t\t<img decoding=\"async\" width=\"840\" height=\"473\" src=\"https:\/\/rollerfreunde.at\/wp-content\/uploads\/2021\/10\/K1024_20211009_091841-1024x577.jpg\" class=\"attachment-large size-large wp-image-2020\" alt=\"\" srcset=\"https:\/\/rollerfreunde.at\/wp-content\/uploads\/2021\/10\/K1024_20211009_091841-1024x577.jpg 1024w, https:\/\/rollerfreunde.at\/wp-content\/uploads\/2021\/10\/K1024_20211009_091841-300x169.jpg 300w, https:\/\/rollerfreunde.at\/wp-content\/uploads\/2021\/10\/K1024_20211009_091841-768x432.jpg 768w, https:\/\/rollerfreunde.at\/wp-content\/uploads\/2021\/10\/K1024_20211009_091841-107x60.jpg 107w, https:\/\/rollerfreunde.at\/wp-content\/uploads\/2021\/10\/K1024_20211009_091841-840x473.jpg 840w, https:\/\/rollerfreunde.at\/wp-content\/uploads\/2021\/10\/K1024_20211009_091841.jpg 1364w\" sizes=\"(max-width: 840px) 100vw, 840px\" \/>\t\t\t\t\t\t\t\t\t\t\t\t\t\t\t<\/div>\n\t\t\t\t<\/div>\n\t\t\t\t\t<\/div>\n\t\t<\/div>\n\t\t\t\t\t<\/div>\n\t\t<\/section>\n\t\t\t\t<section class=\"elementor-section elementor-top-section elementor-element elementor-element-209b593 elementor-section-boxed elementor-section-height-default elementor-section-height-default\" data-id=\"209b593\" data-element_type=\"section\">\n\t\t\t\t\t\t<div class=\"elementor-container elementor-column-gap-default\">\n\t\t\t\t\t<div class=\"elementor-column elementor-col-100 elementor-top-column elementor-element elementor-element-aec1144\" data-id=\"aec1144\" data-element_type=\"column\">\n\t\t\t<div class=\"elementor-widget-wrap\">\n\t\t\t\t\t\t\t<\/div>\n\t\t<\/div>\n\t\t\t\t\t<\/div>\n\t\t<\/section>\n\t\t\t\t<section class=\"elementor-section elementor-top-section elementor-element elementor-element-2759a04 elementor-section-content-middle elementor-section-boxed elementor-section-height-default elementor-section-height-default\" data-id=\"2759a04\" data-element_type=\"section\" data-settings=\"{&quot;background_background&quot;:&quot;classic&quot;}\">\n\t\t\t\t\t\t<div class=\"elementor-container elementor-column-gap-no\">\n\t\t\t\t\t<div class=\"elementor-column elementor-col-50 elementor-top-column elementor-element elementor-element-d535546\" data-id=\"d535546\" data-element_type=\"column\">\n\t\t\t<div class=\"elementor-widget-wrap elementor-element-populated\">\n\t\t\t\t\t\t<div class=\"elementor-element elementor-element-2899a3b elementor-widget elementor-widget-image\" data-id=\"2899a3b\" data-element_type=\"widget\" data-widget_type=\"image.default\">\n\t\t\t\t<div class=\"elementor-widget-container\">\n\t\t\t\t\t\t\t\t\t\t\t\t\t\t\t\t<a href=\"https:\/\/rollerfreunde.at\/wp-content\/uploads\/2026\/04\/Rollerfreunde-Kalender-2026.jpg\" data-elementor-open-lightbox=\"yes\" data-elementor-lightbox-title=\"Rollerfreunde - Kalender 2026\" data-e-action-hash=\"#elementor-action%3Aaction%3Dlightbox%26settings%3DeyJpZCI6NTI2MiwidXJsIjoiaHR0cHM6XC9cL3JvbGxlcmZyZXVuZGUuYXRcL3dwLWNvbnRlbnRcL3VwbG9hZHNcLzIwMjZcLzA0XC9Sb2xsZXJmcmV1bmRlLUthbGVuZGVyLTIwMjYuanBnIn0%3D\">\n\t\t\t\t\t\t\t<img decoding=\"async\" width=\"840\" height=\"593\" src=\"https:\/\/rollerfreunde.at\/wp-content\/uploads\/2026\/04\/Rollerfreunde-Kalender-2026-1024x723.jpg\" class=\"attachment-large size-large wp-image-5262\" alt=\"\" srcset=\"https:\/\/rollerfreunde.at\/wp-content\/uploads\/2026\/04\/Rollerfreunde-Kalender-2026-1024x723.jpg 1024w, https:\/\/rollerfreunde.at\/wp-content\/uploads\/2026\/04\/Rollerfreunde-Kalender-2026-300x212.jpg 300w, https:\/\/rollerfreunde.at\/wp-content\/uploads\/2026\/04\/Rollerfreunde-Kalender-2026-768x542.jpg 768w, https:\/\/rollerfreunde.at\/wp-content\/uploads\/2026\/04\/Rollerfreunde-Kalender-2026.jpg 1123w\" sizes=\"(max-width: 840px) 100vw, 840px\" \/>\t\t\t\t\t\t\t\t<\/a>\n\t\t\t\t\t\t\t\t\t\t\t\t\t\t\t<\/div>\n\t\t\t\t<\/div>\n\t\t\t\t\t<\/div>\n\t\t<\/div>\n\t\t\t\t<div class=\"elementor-column elementor-col-50 elementor-top-column elementor-element elementor-element-f0f3241\" data-id=\"f0f3241\" data-element_type=\"column\" data-settings=\"{&quot;background_background&quot;:&quot;classic&quot;}\">\n\t\t\t<div class=\"elementor-widget-wrap elementor-element-populated\">\n\t\t\t\t\t\t<div class=\"elementor-element elementor-element-e6a2495 elementor-widget elementor-widget-heading\" data-id=\"e6a2495\" data-element_type=\"widget\" data-widget_type=\"heading.default\">\n\t\t\t\t<div class=\"elementor-widget-container\">\n\t\t\t\t\t<h3 class=\"elementor-heading-title elementor-size-large\"><a href=\"https:\/\/rollerfreunde.at\/wp-content\/uploads\/2026\/04\/Rollerfreunde-Kalender-2026.pdf\">Kalender 2026 - zum Vergr\u00f6\u00dfern hier klicken !<\/a><\/h3>\t\t\t\t<\/div>\n\t\t\t\t<\/div>\n\t\t\t\t<div class=\"elementor-element elementor-element-07a0423 elementor-widget elementor-widget-text-editor\" data-id=\"07a0423\" data-element_type=\"widget\" data-widget_type=\"text-editor.default\">\n\t\t\t\t<div class=\"elementor-widget-container\">\n\t\t\t\t\t\t\t\t\t<p>Hier findest du unsere aktuellen Termine zu unseren Tratschabenden, Ausfahrten und vieles mehr auf einen Blick.<\/p>\t\t\t\t\t\t\t\t<\/div>\n\t\t\t\t<\/div>\n\t\t\t\t\t<\/div>\n\t\t<\/div>\n\t\t\t\t\t<\/div>\n\t\t<\/section>\n\t\t\t\t<section class=\"elementor-section elementor-top-section elementor-element elementor-element-65ebf5d3 elementor-section-content-middle elementor-reverse-mobile elementor-section-boxed elementor-section-height-default elementor-section-height-default\" data-id=\"65ebf5d3\" data-element_type=\"section\" data-settings=\"{&quot;background_background&quot;:&quot;classic&quot;}\">\n\t\t\t\t\t\t<div class=\"elementor-container elementor-column-gap-no\">\n\t\t\t\t\t<div class=\"elementor-column elementor-col-50 elementor-top-column elementor-element elementor-element-1b20b330\" data-id=\"1b20b330\" data-element_type=\"column\" data-settings=\"{&quot;background_background&quot;:&quot;classic&quot;}\">\n\t\t\t<div class=\"elementor-widget-wrap elementor-element-populated\">\n\t\t\t\t\t\t<div class=\"elementor-element elementor-element-33678dd elementor-widget elementor-widget-heading\" data-id=\"33678dd\" data-element_type=\"widget\" data-widget_type=\"heading.default\">\n\t\t\t\t<div class=\"elementor-widget-container\">\n\t\t\t\t\t<h3 class=\"elementor-heading-title elementor-size-large\"><a href=\"https:\/\/rollerfreunde.at\/index.php\/touren-planen\/\">Touren planen<\/a><\/h3>\t\t\t\t<\/div>\n\t\t\t\t<\/div>\n\t\t\t\t<div class=\"elementor-element elementor-element-1df2348d elementor-view-default elementor-widget elementor-widget-icon\" data-id=\"1df2348d\" data-element_type=\"widget\" data-widget_type=\"icon.default\">\n\t\t\t\t<div class=\"elementor-widget-container\">\n\t\t\t\t\t\t\t<div class=\"elementor-icon-wrapper\">\n\t\t\t<a class=\"elementor-icon\" href=\"https:\/\/rollerfreunde.at\/index.php\/touren-planen\/\">\n\t\t\t<i aria-hidden=\"true\" class=\"fas fa-motorcycle\"><\/i>\t\t\t<\/a>\n\t\t<\/div>\n\t\t\t\t\t\t<\/div>\n\t\t\t\t<\/div>\n\t\t\t\t<div class=\"elementor-element elementor-element-3ba3ee81 elementor-widget elementor-widget-text-editor\" data-id=\"3ba3ee81\" data-element_type=\"widget\" data-widget_type=\"text-editor.default\">\n\t\t\t\t<div class=\"elementor-widget-container\">\n\t\t\t\t\t\t\t\t\t<p>Du findest im Internet zahlreiche Webseiten, welche sich in irgendeiner Form mit dem Thema Tourenplanung befassen. Ich habe hier versucht, einen kleinen Wegweiser zu erstellen und die Bereiche etwas thematisch geordnet.\u00a0Surf einfach einmal durch die Seiten und bilde Dir Deine eigene Meinung dazu.\u00a0<\/p>\t\t\t\t\t\t\t\t<\/div>\n\t\t\t\t<\/div>\n\t\t\t\t\t<\/div>\n\t\t<\/div>\n\t\t\t\t<div class=\"elementor-column elementor-col-50 elementor-top-column elementor-element elementor-element-65d8e25c\" data-id=\"65d8e25c\" data-element_type=\"column\">\n\t\t\t<div class=\"elementor-widget-wrap elementor-element-populated\">\n\t\t\t\t\t\t<div class=\"elementor-element elementor-element-192992c1 elementor-widget elementor-widget-image\" data-id=\"192992c1\" data-element_type=\"widget\" data-widget_type=\"image.default\">\n\t\t\t\t<div class=\"elementor-widget-container\">\n\t\t\t\t\t\t\t\t\t\t\t\t\t\t\t<img loading=\"lazy\" decoding=\"async\" width=\"840\" height=\"630\" src=\"https:\/\/rollerfreunde.at\/wp-content\/uploads\/2021\/04\/kurviger-iPad-gpx-datei-uebertragen-garmin-1024x768.jpg\" class=\"attachment-large size-large wp-image-1316\" alt=\"\" srcset=\"https:\/\/rollerfreunde.at\/wp-content\/uploads\/2021\/04\/kurviger-iPad-gpx-datei-uebertragen-garmin-1024x768.jpg 1024w, https:\/\/rollerfreunde.at\/wp-content\/uploads\/2021\/04\/kurviger-iPad-gpx-datei-uebertragen-garmin-300x225.jpg 300w, https:\/\/rollerfreunde.at\/wp-content\/uploads\/2021\/04\/kurviger-iPad-gpx-datei-uebertragen-garmin-768x576.jpg 768w, https:\/\/rollerfreunde.at\/wp-content\/uploads\/2021\/04\/kurviger-iPad-gpx-datei-uebertragen-garmin-1536x1151.jpg 1536w, https:\/\/rollerfreunde.at\/wp-content\/uploads\/2021\/04\/kurviger-iPad-gpx-datei-uebertragen-garmin-80x60.jpg 80w, https:\/\/rollerfreunde.at\/wp-content\/uploads\/2021\/04\/kurviger-iPad-gpx-datei-uebertragen-garmin.jpg 2048w\" sizes=\"(max-width: 840px) 100vw, 840px\" \/>\t\t\t\t\t\t\t\t\t\t\t\t\t\t\t<\/div>\n\t\t\t\t<\/div>\n\t\t\t\t\t<\/div>\n\t\t<\/div>\n\t\t\t\t\t<\/div>\n\t\t<\/section>\n\t\t\t\t<section class=\"elementor-section elementor-top-section elementor-element elementor-element-9cc56bd elementor-section-boxed elementor-section-height-default elementor-section-height-default\" data-id=\"9cc56bd\" data-element_type=\"section\">\n\t\t\t\t\t\t<div class=\"elementor-container elementor-column-gap-default\">\n\t\t\t\t\t<div class=\"elementor-column elementor-col-100 elementor-top-column elementor-element elementor-element-fc7fe21\" data-id=\"fc7fe21\" data-element_type=\"column\">\n\t\t\t<div class=\"elementor-widget-wrap elementor-element-populated\">\n\t\t\t\t\t\t<div class=\"elementor-element elementor-element-2556dae elementor-widget elementor-widget-spacer\" data-id=\"2556dae\" data-element_type=\"widget\" data-widget_type=\"spacer.default\">\n\t\t\t\t<div class=\"elementor-widget-container\">\n\t\t\t\t\t\t\t<div class=\"elementor-spacer\">\n\t\t\t<div class=\"elementor-spacer-inner\"><\/div>\n\t\t<\/div>\n\t\t\t\t\t\t<\/div>\n\t\t\t\t<\/div>\n\t\t\t\t\t<\/div>\n\t\t<\/div>\n\t\t\t\t\t<\/div>\n\t\t<\/section>\n\t\t\t\t<\/div>\n\t\t","protected":false},"excerpt":{"rendered":"<p>Rollerfreunde Ober\u00f6sterreich Wir sind kein Club oder eingetragener Verein, sondern eine Gruppe von Gleichgesinnten. Unser Anliegen ist es, mit anderen Rollerfahrern und selbstverst\u00e4ndlich auch Fahrerinnen &hellip; <\/p>\n","protected":false},"author":1,"featured_media":0,"parent":0,"menu_order":0,"comment_status":"closed","ping_status":"closed","template":"","meta":{"footnotes":""},"class_list":["post-5","page","type-page","status-publish","hentry"],"_links":{"self":[{"href":"https:\/\/rollerfreunde.at\/index.php\/wp-json\/wp\/v2\/pages\/5","targetHints":{"allow":["GET"]}}],"collection":[{"href":"https:\/\/rollerfreunde.at\/index.php\/wp-json\/wp\/v2\/pages"}],"about":[{"href":"https:\/\/rollerfreunde.at\/index.php\/wp-json\/wp\/v2\/types\/page"}],"author":[{"embeddable":true,"href":"https:\/\/rollerfreunde.at\/index.php\/wp-json\/wp\/v2\/users\/1"}],"replies":[{"embeddable":true,"href":"https:\/\/rollerfreunde.at\/index.php\/wp-json\/wp\/v2\/comments?post=5"}],"version-history":[{"count":488,"href":"https:\/\/rollerfreunde.at\/index.php\/wp-json\/wp\/v2\/pages\/5\/revisions"}],"predecessor-version":[{"id":5269,"href":"https:\/\/rollerfreunde.at\/index.php\/wp-json\/wp\/v2\/pages\/5\/revisions\/5269"}],"wp:attachment":[{"href":"https:\/\/rollerfreunde.at\/index.php\/wp-json\/wp\/v2\/media?parent=5"}],"curies":[{"name":"wp","href":"https:\/\/api.w.org\/{rel}","templated":true}]}}